{"id":7,"date":"2023-03-10T20:23:22","date_gmt":"2023-03-10T20:23:22","guid":{"rendered":"https:\/\/zen-vientodelsur.com.ar\/?page_id=7"},"modified":"2025-06-13T21:36:29","modified_gmt":"2025-06-13T21:36:29","slug":"home","status":"publish","type":"page","link":"https:\/\/zen-vientodelsur.com.ar\/","title":{"rendered":"HOME"},"content":{"rendered":"\n<div class=\"wp-block-columns is-layout-flex wp-container-core-columns-is-layout-28f84493 wp-block-columns-is-layout-flex\">\n<div class=\"wp-block-column is-layout-flow wp-block-column-is-layout-flow\">\n<figure class=\"wp-block-image size-large has-custom-border\"><img loading=\"lazy\" decoding=\"async\" width=\"1024\" height=\"683\" src=\"https:\/\/zen-vientodelsur.com.ar\/wp-content\/uploads\/2023\/03\/Sessin-Verano2023-108-1024x683.jpg\" alt=\"\" class=\"wp-image-67\" style=\"border-style:none;border-width:0px\" srcset=\"https:\/\/zen-vientodelsur.com.ar\/wp-content\/uploads\/2023\/03\/Sessin-Verano2023-108-1024x683.jpg 1024w, https:\/\/zen-vientodelsur.com.ar\/wp-content\/uploads\/2023\/03\/Sessin-Verano2023-108-300x200.jpg 300w, https:\/\/zen-vientodelsur.com.ar\/wp-content\/uploads\/2023\/03\/Sessin-Verano2023-108-768x512.jpg 768w, https:\/\/zen-vientodelsur.com.ar\/wp-content\/uploads\/2023\/03\/Sessin-Verano2023-108-1536x1024.jpg 1536w, https:\/\/zen-vientodelsur.com.ar\/wp-content\/uploads\/2023\/03\/Sessin-Verano2023-108.jpg 2048w\" sizes=\"auto, (max-width: 1024px) 100vw, 1024px\" \/><\/figure>\n\n\n\n<h5 class=\"wp-block-heading\" id=\"vk-blocks\" style=\"margin-top:1.5rem;margin-bottom:1rem\">Zazen<\/h5>\n\n\n\n<p>Diariamente ofrecemos horarios de zazen online a trav\u00e9s de zoom y semanalmente los domingos en nuestro dojo de Villa Urquiza.<\/p>\n\n\n\n<div class=\"wp-block-buttons is-layout-flex wp-block-buttons-is-layout-flex\">\n<div class=\"wp-block-button is-style-outline is-style-outline--1\"><a class=\"wp-block-button__link has-small-font-size has-custom-font-size wp-element-button\" href=\"https:\/\/zen-vientodelsur.com.ar\/?page_id=2\" style=\"padding-top:0.3em;padding-right:1em;padding-bottom:0.3em;padding-left:1em\" target=\"_blank\" rel=\"noreferrer noopener\">Saber m\u00e1s<\/a><\/div>\n<\/div>\n\n\n\n<div style=\"height:30px\" aria-hidden=\"true\" class=\"wp-block-spacer\"><\/div>\n<\/div>\n\n\n\n<div class=\"wp-block-column is-layout-flow wp-block-column-is-layout-flow\">\n<figure class=\"wp-block-image size-large\"><img loading=\"lazy\" decoding=\"async\" width=\"1024\" height=\"683\" src=\"https:\/\/zen-vientodelsur.com.ar\/wp-content\/uploads\/2023\/03\/Sessin-Verano2023-033-1024x683.jpg\" alt=\"\" class=\"wp-image-71\" srcset=\"https:\/\/zen-vientodelsur.com.ar\/wp-content\/uploads\/2023\/03\/Sessin-Verano2023-033-1024x683.jpg 1024w, https:\/\/zen-vientodelsur.com.ar\/wp-content\/uploads\/2023\/03\/Sessin-Verano2023-033-300x200.jpg 300w, https:\/\/zen-vientodelsur.com.ar\/wp-content\/uploads\/2023\/03\/Sessin-Verano2023-033-768x512.jpg 768w, https:\/\/zen-vientodelsur.com.ar\/wp-content\/uploads\/2023\/03\/Sessin-Verano2023-033-1536x1024.jpg 1536w, https:\/\/zen-vientodelsur.com.ar\/wp-content\/uploads\/2023\/03\/Sessin-Verano2023-033.jpg 2048w\" sizes=\"auto, (max-width: 1024px) 100vw, 1024px\" \/><\/figure>\n\n\n\n<h5 class=\"wp-block-heading\" id=\"vk-blocks\" style=\"margin-top:1.5rem;margin-bottom:1rem\">Pr\u00f3ximo sesshin<\/h5>\n\n\n\n<p>Sesshin de invierno 2025<br>14 al 18 de Agosto<br>Casa de retiro de las Hermanas Azules, Florencio Varela <br>Provincia de Buenos Aires<\/p>\n\n\n\n<div class=\"wp-block-buttons is-layout-flex wp-block-buttons-is-layout-flex\">\n<div class=\"wp-block-button is-style-outline is-style-outline--2\"><a class=\"wp-block-button__link has-small-font-size has-custom-font-size wp-element-button\" href=\"https:\/\/zen-vientodelsur.com.ar\/wp-admin\/post.php?post=145&amp;action=edit\" style=\"padding-top:0.3em;padding-right:1em;padding-bottom:0.3em;padding-left:1em\" target=\"_blank\" rel=\"noreferrer noopener\">Saber m\u00e1s<\/a><\/div>\n<\/div>\n\n\n\n<div style=\"height:30px\" aria-hidden=\"true\" class=\"wp-block-spacer\"><\/div>\n<\/div>\n\n\n\n<div class=\"wp-block-column is-layout-flow wp-block-column-is-layout-flow\">\n<figure class=\"wp-block-image size-full is-resized\"><img loading=\"lazy\" decoding=\"async\" width=\"305\" height=\"500\" src=\"https:\/\/zen-vientodelsur.com.ar\/wp-content\/uploads\/2023\/03\/Tapa-ola-zenweb.jpg\" alt=\"\" class=\"wp-image-72\" style=\"width:127px;height:auto\" srcset=\"https:\/\/zen-vientodelsur.com.ar\/wp-content\/uploads\/2023\/03\/Tapa-ola-zenweb.jpg 305w, https:\/\/zen-vientodelsur.com.ar\/wp-content\/uploads\/2023\/03\/Tapa-ola-zenweb-183x300.jpg 183w\" sizes=\"auto, (max-width: 305px) 100vw, 305px\" \/><\/figure>\n\n\n\n<h5 class=\"wp-block-heading\" id=\"vk-blocks\" style=\"margin-top:1.5rem;margin-bottom:1rem\">Ediciones VDS<\/h5>\n\n\n\n<p>Desde hace a\u00f1os nos dedicamos a la tarea de traducir al espa\u00f1ol y publicar la obra de Robert Aitken Roshi.<\/p>\n\n\n\n<div class=\"wp-block-buttons is-layout-flex wp-block-buttons-is-layout-flex\">\n<div class=\"wp-block-button is-style-outline is-style-outline--3\"><a class=\"wp-block-button__link has-small-font-size has-custom-font-size wp-element-button\" href=\"\" style=\"padding-top:0.3em;padding-right:1em;padding-bottom:0.3em;padding-left:1em\">Saber m\u00e1s<\/a><\/div>\n<\/div>\n\n\n\n<div style=\"height:30px\" aria-hidden=\"true\" class=\"wp-block-spacer\"><\/div>\n<\/div>\n<\/div>\n\n\n\n<div class=\"wp-block-cover alignfull is-light\" style=\"min-height:339px;aspect-ratio:unset;\"><span aria-hidden=\"true\" class=\"wp-block-cover__background has-background-dim-100 has-background-dim\" style=\"background-color:#f3f3f3\"><\/span><div class=\"wp-block-cover__inner-container is-layout-flow wp-block-cover-is-layout-flow\">\n<div class=\"wp-block-columns are-vertically-aligned-center is-layout-flex wp-container-core-columns-is-layout-28f84493 wp-block-columns-is-layout-flex\">\n<div class=\"wp-block-column is-vertically-aligned-center is-layout-flow wp-block-column-is-layout-flow\" style=\"flex-basis:33.33%\">\n<figure class=\"wp-block-image aligncenter size-medium\"><img loading=\"lazy\" decoding=\"async\" width=\"200\" height=\"300\" src=\"https:\/\/zen-vientodelsur.com.ar\/wp-content\/uploads\/2023\/03\/Sessin-Verano2023-071-200x300.jpg\" alt=\"\" class=\"wp-image-75\" srcset=\"https:\/\/zen-vientodelsur.com.ar\/wp-content\/uploads\/2023\/03\/Sessin-Verano2023-071-200x300.jpg 200w, https:\/\/zen-vientodelsur.com.ar\/wp-content\/uploads\/2023\/03\/Sessin-Verano2023-071-683x1024.jpg 683w, https:\/\/zen-vientodelsur.com.ar\/wp-content\/uploads\/2023\/03\/Sessin-Verano2023-071-768x1152.jpg 768w, https:\/\/zen-vientodelsur.com.ar\/wp-content\/uploads\/2023\/03\/Sessin-Verano2023-071-1024x1536.jpg 1024w, https:\/\/zen-vientodelsur.com.ar\/wp-content\/uploads\/2023\/03\/Sessin-Verano2023-071.jpg 1365w\" sizes=\"auto, (max-width: 200px) 100vw, 200px\" \/><\/figure>\n<\/div>\n\n\n\n<div class=\"wp-block-column is-vertically-aligned-center is-layout-flow wp-block-column-is-layout-flow\" style=\"flex-basis:66.66%\">\n<h2 class=\"wp-block-heading has-black-color has-text-color has-regular-font-size\"><em>Estudiar el camino del Buda es estudiar el yo.<br>Estudiar el yo es olvidar el yo.<br>Olvidar el yo es ser iluminado por la mir\u00edada de cosas.<\/em><\/h2>\n\n\n\n<p>Dogen Zenji<\/p>\n<\/div>\n<\/div>\n<\/div><\/div>\n\n\n\n<div style=\"height:60px\" aria-hidden=\"true\" class=\"wp-block-spacer\"><\/div>\n\n\n\n<h2 class=\"wp-block-heading\">Novedades<\/h2>\n\n\n\n<div class=\"wp-block-columns are-vertically-aligned-top is-layout-flex wp-container-core-columns-is-layout-28f84493 wp-block-columns-is-layout-flex\">\n<div class=\"wp-block-column is-vertically-aligned-top is-layout-flow wp-block-column-is-layout-flow\" style=\"flex-basis:100%\"><ul class=\"wp-block-latest-posts__list alignleft wp-block-latest-posts\"><li><a class=\"wp-block-latest-posts__post-title\" href=\"https:\/\/zen-vientodelsur.com.ar\/?p=145\">Sesshin\u00a0de invierno 2025<\/a><div class=\"wp-block-latest-posts__post-full-content\"><!-- wp:paragraph -->\n<p><strong>Con el ROSHI DANIEL TERRAGNO<\/strong><\/p>\n<!-- \/wp:paragraph -->\n\n<!-- wp:paragraph -->\n<p>Jueves 14 al Lunes 18 de Agosto de 2025<\/p>\n<!-- \/wp:paragraph -->\n\n<!-- wp:image {\"id\":149,\"width\":\"986px\",\"height\":\"auto\",\"sizeSlug\":\"large\",\"linkDestination\":\"none\"} -->\n<figure class=\"wp-block-image size-large is-resized\"><img loading=\"lazy\" decoding=\"async\" width=\"1024\" height=\"427\" src=\"https:\/\/zen-vientodelsur.com.ar\/wp-content\/uploads\/2024\/07\/IMG_9411-1024x427.jpg\" alt=\"\" class=\"wp-image-149\" style=\"width:986px;height:auto\" srcset=\"https:\/\/zen-vientodelsur.com.ar\/wp-content\/uploads\/2024\/07\/IMG_9411-1024x427.jpg 1024w, https:\/\/zen-vientodelsur.com.ar\/wp-content\/uploads\/2024\/07\/IMG_9411-300x125.jpg 300w, https:\/\/zen-vientodelsur.com.ar\/wp-content\/uploads\/2024\/07\/IMG_9411-768x320.jpg 768w, https:\/\/zen-vientodelsur.com.ar\/wp-content\/uploads\/2024\/07\/IMG_9411-1536x641.jpg 1536w, https:\/\/zen-vientodelsur.com.ar\/wp-content\/uploads\/2024\/07\/IMG_9411-2048x855.jpg 2048w\" sizes=\"auto, (max-width: 1024px) 100vw, 1024px\" \/><\/figure>\n<!-- \/wp:image -->\n\n<!-- wp:heading {\"level\":3} -->\n<h3 class=\"wp-block-heading\"><strong>SESSHIN: \"TOCAR LA MENTE-CORAZ\u00d3N, TOCAR EL ESP\u00cdRITU\"<\/strong><\/h3>\n<!-- \/wp:heading -->\n\n<!-- wp:paragraph -->\n<p>Retiro de silencio y meditaci\u00f3n en la forma tradicional budista zen: zazen, caminatas, charlas Dharma (teishos), c\u00e1nticos (sutras), comidas ceremoniales (oryoki), pr\u00e1ctica corporal (yoga, chi kung y\/o tai chi), meditaci\u00f3n en el trabajo (samu) y entrevistas privadas con el maestro (dokusan).<\/p>\n<!-- \/wp:paragraph -->\n\n<!-- wp:paragraph -->\n<p><strong>-Fecha:<\/strong>\u00a0Jueves 14 al Lunes 18 de Agosto de 2025<br><br><strong>-Lugar:<\/strong>\u00a0Casa de Retiro de las Hermanas Azules (Florencio Varela - Provincia de Buenos Aires) Argentina.\u00a0<br><br><strong>-Costo total:<\/strong>\u00a0<br>General:\u00a0U$S \u00a0200\u00a0\/ Miembros Socios:\u00a0U$S 180 <br>o<br>Su equivalente en pesos AR<br><br><strong>-Reserva:<\/strong>\u00a0Con una se\u00f1a\u00a0de\u00a0U$S 70 \u00f3\u00a0$ 70.000 <br><em>(Recordamos que la reserva, si llegaras a desistir de hacer sesshin, no se reintegra.)<strong> <\/strong><\/em><br><br><strong>-Informes:<\/strong><a href=\"mailto:edojo.zenonline@gmail.com\" target=\"_blank\" rel=\"noreferrer noopener\"> edojo.zenonline@gmail.com<\/a> \/ Guillermo: +54 9 11 6290-8768 <\/p>\n<!-- \/wp:paragraph -->\n\n<!-- wp:separator -->\n<hr class=\"wp-block-separator has-alpha-channel-opacity\" id=\"m_4106807429361028581m_-1671359831284897186m_3509206959409630421ydp33abe363yui_3_16_0_1_1427076269093_40342\" \/>\n<!-- \/wp:separator -->\n\n<!-- wp:paragraph {\"align\":\"center\"} -->\n<p class=\"has-text-align-center\">Les recordamos que quienes quieran contribuir con\u00a0el sost\u00e9n de la Sangha, pueden hacerlo mediante el abono de una cuota mensual sugerida de $5000 - $7000 (Miembro socio) o cualquier otro monto acorde a sus posibilidades.\u00a0<br>\u00a1Toda colaboraci\u00f3n es muy bienvenida!<\/p>\n<!-- \/wp:paragraph -->\n\n<!-- wp:separator -->\n<hr class=\"wp-block-separator has-alpha-channel-opacity\" \/>\n<!-- \/wp:separator -->\n\n<!-- wp:paragraph -->\n<p><strong><em>Grupo Zen\u00a0Viento\u00a0del\u00a0Sur<\/em><\/strong><\/p>\n<!-- \/wp:paragraph -->\n\n<!-- wp:paragraph -->\n<p>Linaje de la Sangha Diamante.<br>Informes y reservas:\u00a0+54 9 11 6290-8768 <br>E-mail:\u00a0<a href=\"mailto:edojo.zenonline@gmail.com\" target=\"_blank\" rel=\"noreferrer noopener\">edojo.zenonline@gmail.com<\/a><br><a href=\"http:\/\/www.zen-vientodelsur.com.ar\/\" target=\"_blank\" rel=\"noreferrer noopener\">http:\/\/www.zen-vientodelsur.com.ar\/<\/a><\/p>\n<!-- \/wp:paragraph -->\n\n<!-- wp:paragraph -->\n<p><\/p>\n<!-- \/wp:paragraph --><\/div><\/li>\n<li><div class=\"wp-block-latest-posts__featured-image alignleft\"><img loading=\"lazy\" decoding=\"async\" width=\"150\" height=\"150\" src=\"https:\/\/zen-vientodelsur.com.ar\/wp-content\/uploads\/2023\/03\/Sessin-Verano2023-071-150x150.jpg\" class=\"attachment-thumbnail size-thumbnail wp-post-image\" alt=\"\" style=\"\" \/><\/div><a class=\"wp-block-latest-posts__post-title\" href=\"https:\/\/zen-vientodelsur.com.ar\/?p=98\">Sesshin de verano 2024<\/a><div class=\"wp-block-latest-posts__post-full-content\"><!-- wp:quote -->\n<blockquote class=\"wp-block-quote\"><!-- wp:paragraph -->\n<p>Flores en primavera,<br>luna llena en oto\u00f1o,<br>brisa fresca en el verano,<br>nieve en el invierno.<br>Cuando tu mente est\u00e1 libre de pensamientos vanos,<br>esa es tu mejor estaci\u00f3n.<\/p>\n<!-- \/wp:paragraph --><cite>Wumen<\/cite><\/blockquote>\n<!-- \/wp:quote -->\n\n<!-- wp:paragraph -->\n<p><\/p>\n<!-- \/wp:paragraph -->\n\n<!-- wp:paragraph -->\n<p>Fechas:\u00a0<strong>3 al 10 de febrero de 2024<\/strong>\u00a0<br>Lugar:\u00a0<strong>Campo Los Hornillos, R\u00edo Ceballos, C\u00f3rdoba<\/strong><br><\/p>\n<!-- \/wp:paragraph -->\n\n<!-- wp:paragraph -->\n<p>Valor total: incluye alojamiento, comidas,  ense\u00f1anza y traslado del Maestro .<\/p>\n<!-- \/wp:paragraph -->\n\n<!-- wp:paragraph -->\n<p>Socios   AR $180.000 \/ US$ 180<br>No socios   AR $220.000 \/ US$220<\/p>\n<!-- \/wp:paragraph -->\n\n<!-- wp:paragraph -->\n<p>Se\u00f1a para reservar tu lugar<br>AR $30.000 \/ US$ 30  *<\/p>\n<!-- \/wp:paragraph -->\n\n<!-- wp:paragraph -->\n<p>* Una vez hecha la reserva \u00e9sta no tiene devoluci\u00f3n.<\/p>\n<!-- \/wp:paragraph -->\n\n<!-- wp:paragraph -->\n<p><\/p>\n<!-- \/wp:paragraph --><\/div><\/li>\n<\/ul><\/div>\n<\/div>\n","protected":false},"excerpt":{"rendered":"<p>Zazen Diariamente ofrecemos horarios de zazen online a trav\u00e9s de zoom y semanalmente los domingos en nuestro dojo de Villa Urquiza. Pr\u00f3ximo sesshin Sesshin de invierno 202514 al 18 de AgostoCasa de retiro de las Hermanas Azules, Florencio Varela Provincia de Buenos Aires Ediciones VDS Desde hace a\u00f1os nos dedicamos a la tarea de traducir [&hellip;]<\/p>\n","protected":false},"author":1,"featured_media":0,"parent":0,"menu_order":0,"comment_status":"closed","ping_status":"closed","template":"","meta":{"footnotes":""},"class_list":["post-7","page","type-page","status-publish","hentry"],"_links":{"self":[{"href":"https:\/\/zen-vientodelsur.com.ar\/index.php?rest_route=\/wp\/v2\/pages\/7","targetHints":{"allow":["GET"]}}],"collection":[{"href":"https:\/\/zen-vientodelsur.com.ar\/index.php?rest_route=\/wp\/v2\/pages"}],"about":[{"href":"https:\/\/zen-vientodelsur.com.ar\/index.php?rest_route=\/wp\/v2\/types\/page"}],"author":[{"embeddable":true,"href":"https:\/\/zen-vientodelsur.com.ar\/index.php?rest_route=\/wp\/v2\/users\/1"}],"replies":[{"embeddable":true,"href":"https:\/\/zen-vientodelsur.com.ar\/index.php?rest_route=%2Fwp%2Fv2%2Fcomments&post=7"}],"version-history":[{"count":20,"href":"https:\/\/zen-vientodelsur.com.ar\/index.php?rest_route=\/wp\/v2\/pages\/7\/revisions"}],"predecessor-version":[{"id":175,"href":"https:\/\/zen-vientodelsur.com.ar\/index.php?rest_route=\/wp\/v2\/pages\/7\/revisions\/175"}],"wp:attachment":[{"href":"https:\/\/zen-vientodelsur.com.ar\/index.php?rest_route=%2Fwp%2Fv2%2Fmedia&parent=7"}],"curies":[{"name":"wp","href":"https:\/\/api.w.org\/{rel}","templated":true}]}}